{"id":808,"date":"2023-05-09T21:54:28","date_gmt":"2023-05-09T21:54:28","guid":{"rendered":"https:\/\/www.cortijoamaya.com\/preise-und-konditionen\/"},"modified":"2024-08-02T13:00:25","modified_gmt":"2024-08-02T13:00:25","slug":"preise-und-konditionen","status":"publish","type":"page","link":"https:\/\/www.cortijoamaya.com\/de\/preise-und-konditionen\/","title":{"rendered":"Preise und Konditionen"},"content":{"rendered":"\t\t<div data-elementor-type=\"wp-page\" data-elementor-id=\"808\" class=\"elementor elementor-808 elementor-18\" data-elementor-post-type=\"page\">\n\t\t\t\t<div class=\"elementor-element elementor-element-15d20c0 e-flex e-con-boxed e-con e-parent\" data-id=\"15d20c0\" data-element_type=\"container\" data-settings=\"{&quot;background_background&quot;:&quot;classic&quot;}\">\n\t\t\t\t\t<div class=\"e-con-inner\">\n\t\t<div class=\"elementor-element elementor-element-3d679bf e-con-full e-flex e-con e-child\" data-id=\"3d679bf\" data-element_type=\"container\">\n\t\t\t\t<div class=\"elementor-element elementor-element-0f21ce4 elementor-widget elementor-widget-heading\" data-id=\"0f21ce4\" data-element_type=\"widget\" data-widget_type=\"heading.default\">\n\t\t\t\t<div class=\"elementor-widget-container\">\n\t\t\t\t\t<h1 class=\"elementor-heading-title elementor-size-default\">Preise und Konditionen<\/h1>\t\t\t\t<\/div>\n\t\t\t\t<\/div>\n\t\t\t\t<\/div>\n\t\t\t\t\t<\/div>\n\t\t\t\t<\/div>\n\t\t<div class=\"elementor-element elementor-element-a9ef030 e-flex e-con-boxed e-con e-parent\" data-id=\"a9ef030\" data-element_type=\"container\">\n\t\t\t\t\t<div class=\"e-con-inner\">\n\t\t\t\t<div class=\"elementor-element elementor-element-9fe637e elementor-widget elementor-widget-heading\" data-id=\"9fe637e\" data-element_type=\"widget\" data-widget_type=\"heading.default\">\n\t\t\t\t<div class=\"elementor-widget-container\">\n\t\t\t\t\t<h2 class=\"elementor-heading-title elementor-size-default\">Preise<\/h2>\t\t\t\t<\/div>\n\t\t\t\t<\/div>\n\t\t\t\t<div class=\"elementor-element elementor-element-fa9d093 overflow-x-scroll elementor-widget elementor-widget-html\" data-id=\"fa9d093\" data-element_type=\"widget\" data-widget_type=\"html.default\">\n\t\t\t\t<div class=\"elementor-widget-container\">\n\t\t\t\t\t<table id=\"tablepress-6\" class=\"tablepress tablepress-id-6\">\n    <thead>\n        <tr class=\"row-1 odd\">\n            <th class=\"column-1\">Schlafzimmer<\/th>\n            <th class=\"column-2\">Niedrig (1)<\/th>\n            <th class=\"column-3\">Niedriger Durchschnitt (2)<\/th>\n            <th class=\"column-4\">Mittelhoch (3)<\/th>\n            <th class=\"column-5\">Hoch (4)<\/th>\n        <\/tr>\n    <\/thead>\n    <tbody class=\"row-hover\">\n        <tr class=\"row-2 even\">\n            <td class=\"column-1\">14 Wochenendzimmer<\/td>\n            <td class=\"column-2 text-align-right\">2.310 \u20ac<\/td>\n            <td class=\"column-3 text-align-right\">2.730 \u20ac<\/td>\n            <td class=\"column-4 text-align-right\">3.045 \u20ac<\/td>\n            <td class=\"column-5 text-align-right\">nein<\/td>\n        <\/tr>\n        <tr class=\"row-3 odd\">\n            <td class=\"column-1\">14 Zimmer 1 Woche<\/td>\n            <td class=\"column-2 text-align-right\">3.570 \u20ac<\/td>\n            <td class=\"column-3 text-align-right\">4.410 \u20ac<\/td>\n            <td class=\"column-4 text-align-right\">5.250 \u20ac<\/td>\n            <td class=\"column-5 text-align-right\">6.720 \u20ac<\/td>\n        <\/tr>\n        <tr class=\"row-4 even\">\n            <td class=\"column-1\">14 Zimmer 2 Wochen<\/td>\n            <td class=\"column-2 text-align-right\">6.000 \u20ac<\/td>\n            <td class=\"column-3 text-align-right\">8.200 \u20ac<\/td>\n            <td class=\"column-4 text-align-right\">10.000 \u20ac<\/td>\n            <td class=\"column-5 text-align-right\">13.000 \u20ac<\/td>\n        <\/tr>\n        <tr class=\"row-5 odd\">\n            <td class=\"column-1\">7 Wochenendzimmer<\/td>\n            <td class=\"column-2 text-align-right\">1.530 \u20ac<\/td>\n            <td class=\"column-3 text-align-right\">1.800 \u20ac<\/td>\n            <td class=\"column-4 text-align-right\">2.340 \u20ac<\/td>\n            <td class=\"column-5 text-align-right\">nein<\/td>\n        <\/tr>\n        <tr class=\"row-6 even\">\n            <td class=\"column-1\">7 Zimmer 1 Woche<\/td>\n            <td class=\"column-2 text-align-right\"> 2.250 \u20ac<\/td>\n            <td class=\"column-3 text-align-right\">3.150 \u20ac<\/td>\n            <td class=\"column-4 text-align-right\">4.320 \u20ac<\/td>\n            <td class=\"column-5 text-align-right\">5.040 \u20ac<\/td>\n        <\/tr>\n        <tr class=\"row-7 odd\">\n            <td class=\"column-1\">7 Zimmer 2 Wochen<\/td>\n            <td class=\"column-2 text-align-right\">4.200 \u20ac<\/td>\n            <td class=\"column-3 text-align-right\">6.000 \u20ac<\/td>\n            <td class=\"column-4 text-align-right\">8.200 \u20ac<\/td>\n            <td class=\"column-5 text-align-right\">10.000 \u20ac<\/td>\n        <\/tr>\n    <\/tbody>\n<\/table>\t\t\t\t<\/div>\n\t\t\t\t<\/div>\n\t\t\t\t\t<\/div>\n\t\t\t\t<\/div>\n\t\t<div class=\"elementor-element elementor-element-8bd4dfb e-flex e-con-boxed e-con e-parent\" data-id=\"8bd4dfb\" data-element_type=\"container\">\n\t\t\t\t\t<div class=\"e-con-inner\">\n\t\t<div class=\"elementor-element elementor-element-daa90ee e-flex e-con-boxed e-con e-child\" data-id=\"daa90ee\" data-element_type=\"container\">\n\t\t\t\t\t<div class=\"e-con-inner\">\n\t\t\t\t<div class=\"elementor-element elementor-element-bede575 elementor-widget elementor-widget-heading\" data-id=\"bede575\" data-element_type=\"widget\" data-widget_type=\"heading.default\">\n\t\t\t\t<div class=\"elementor-widget-container\">\n\t\t\t\t\t<h2 class=\"elementor-heading-title elementor-size-default\">Was du wissen musst<br> von Cortijo Amaya!<\/h2>\t\t\t\t<\/div>\n\t\t\t\t<\/div>\n\t\t\t\t<div class=\"elementor-element elementor-element-dcf9b56 elementor-widget elementor-widget-text-editor\" data-id=\"dcf9b56\" data-element_type=\"widget\" data-widget_type=\"text-editor.default\">\n\t\t\t\t<div class=\"elementor-widget-container\">\n\t\t\t\t\t\t\t\t\tEntdecken Sie unsere Preise und Konditionen auf unserer Website. Gro\u00dfe Auswahl an charmanten Zimmern, WLAN und Annehmlichkeiten. Buchen Sie jetzt!\t\t\t\t\t\t\t\t<\/div>\n\t\t\t\t<\/div>\n\t\t\t\t\t<\/div>\n\t\t\t\t<\/div>\n\t\t\t\t\t<\/div>\n\t\t\t\t<\/div>\n\t\t<div class=\"elementor-element elementor-element-1e8774e e-flex e-con-boxed e-con e-parent\" data-id=\"1e8774e\" data-element_type=\"container\">\n\t\t\t\t\t<div class=\"e-con-inner\">\n\t\t<div class=\"elementor-element elementor-element-a8c89f9 e-con-full e-flex e-con e-child\" data-id=\"a8c89f9\" data-element_type=\"container\">\n\t\t\t\t<div class=\"elementor-element elementor-element-a936b2a aspect-ratio-4-2-5 elementor-widget elementor-widget-image\" data-id=\"a936b2a\" data-element_type=\"widget\" data-widget_type=\"image.default\">\n\t\t\t\t<div class=\"elementor-widget-container\">\n\t\t\t\t\t\t\t\t\t\t\t\t\t\t\t<img fetchpriority=\"high\" decoding=\"async\" width=\"1000\" height=\"667\" src=\"https:\/\/www.cortijoamaya.com\/wp-content\/uploads\/cortijo-amaya-19.jpg\" class=\"attachment-full size-full wp-image-498\" alt=\"\" srcset=\"https:\/\/www.cortijoamaya.com\/wp-content\/uploads\/cortijo-amaya-19.jpg 1000w, https:\/\/www.cortijoamaya.com\/wp-content\/uploads\/cortijo-amaya-19-300x200.jpg 300w, https:\/\/www.cortijoamaya.com\/wp-content\/uploads\/cortijo-amaya-19-768x512.jpg 768w\" sizes=\"(max-width: 1000px) 100vw, 1000px\" \/>\t\t\t\t\t\t\t\t\t\t\t\t\t\t\t<\/div>\n\t\t\t\t<\/div>\n\t\t\t\t<div class=\"elementor-element elementor-element-57d8270 elementor-widget elementor-widget-heading\" data-id=\"57d8270\" data-element_type=\"widget\" data-widget_type=\"heading.default\">\n\t\t\t\t<div class=\"elementor-widget-container\">\n\t\t\t\t\t<h2 class=\"elementor-heading-title elementor-size-default\">Schlafzimmer<\/h2>\t\t\t\t<\/div>\n\t\t\t\t<\/div>\n\t\t\t\t<div class=\"elementor-element elementor-element-2d0e613 texto-ver mas elementor-widget elementor-widget-text-editor\" data-id=\"2d0e613\" data-element_type=\"widget\" id=\"texto-habitaciones\" data-widget_type=\"text-editor.default\">\n\t\t\t\t<div class=\"elementor-widget-container\">\n\t\t\t\t\t\t\t\t\t<p>Cortijo Amaya verf\u00fcgt \u00fcber 14 Zimmer: 3 Familienzimmer f\u00fcr 4 Personen mit einem Doppelbett und zwei Einzelbetten, 5 Doppelzimmer mit einem Doppelbett, 5 Zimmer mit zwei Einzelbetten und ein Dreibettzimmer mit einem Doppelbett und einem Einzelbett. In einigen Zimmern k\u00f6nnen Sie den G\u00e4sten ein Kinderbett hinzuf\u00fcgen.<\/p>\n<p>Alle Zimmer sind im typisch andalusischen Stil eingerichtet und verf\u00fcgen \u00fcber WLAN, Klimaanlage und TV. Sie verf\u00fcgen \u00fcber ein eigenes Bad mit Bettw\u00e4sche und Handt\u00fcchern.<\/p>\n<p>Die vierzehn Zimmer verteilen sich auf drei Etagen. Obergeschoss mit sieben Zimmern: sechs Doppelzimmer und ein Dreibettzimmer. Niedrig oder flach mit drei Vierbettzimmern. Keller mit vier Doppelzimmern, verglaster Terrasse, Keller und Waschk\u00fcche mit (Waschmaschine, Trockner und B\u00fcgeleisen).<\/p>\n\t\t\t\t\t\t\t\t<\/div>\n\t\t\t\t<\/div>\n\t\t\t\t<div class=\"elementor-element elementor-element-e217522 boton-mas-menos elementor-widget elementor-widget-button\" data-id=\"e217522\" data-element_type=\"widget\" id=\"boton-habitaciones\" data-ver=\"texto-habitaciones\" data-widget_type=\"button.default\">\n\t\t\t\t<div class=\"elementor-widget-container\">\n\t\t\t\t\t\t\t\t\t<div class=\"elementor-button-wrapper\">\n\t\t\t\t\t<a class=\"elementor-button elementor-size-sm\" role=\"button\">\n\t\t\t\t\t\t<span class=\"elementor-button-content-wrapper\">\n\t\t\t\t\t\t\t\t\t<span class=\"elementor-button-text\">Mehr sehen<\/span>\n\t\t\t\t\t<\/span>\n\t\t\t\t\t<\/a>\n\t\t\t\t<\/div>\n\t\t\t\t\t\t\t\t<\/div>\n\t\t\t\t<\/div>\n\t\t\t\t<\/div>\n\t\t<div class=\"elementor-element elementor-element-6a52390 e-con-full e-flex e-con e-child\" data-id=\"6a52390\" data-element_type=\"container\">\n\t\t\t\t<div class=\"elementor-element elementor-element-cb5d199 aspect-ratio-4-2-5 elementor-widget elementor-widget-image\" data-id=\"cb5d199\" data-element_type=\"widget\" data-widget_type=\"image.default\">\n\t\t\t\t<div class=\"elementor-widget-container\">\n\t\t\t\t\t\t\t\t\t\t\t\t\t\t\t<img decoding=\"async\" width=\"1574\" height=\"2048\" src=\"https:\/\/www.cortijoamaya.com\/wp-content\/uploads\/IMG-20220208-WA0004.jpg\" class=\"attachment-full size-full wp-image-563\" alt=\"\" srcset=\"https:\/\/www.cortijoamaya.com\/wp-content\/uploads\/IMG-20220208-WA0004.jpg 1574w, https:\/\/www.cortijoamaya.com\/wp-content\/uploads\/IMG-20220208-WA0004-231x300.jpg 231w, https:\/\/www.cortijoamaya.com\/wp-content\/uploads\/IMG-20220208-WA0004-787x1024.jpg 787w, https:\/\/www.cortijoamaya.com\/wp-content\/uploads\/IMG-20220208-WA0004-768x999.jpg 768w, https:\/\/www.cortijoamaya.com\/wp-content\/uploads\/IMG-20220208-WA0004-1181x1536.jpg 1181w\" sizes=\"(max-width: 1574px) 100vw, 1574px\" \/>\t\t\t\t\t\t\t\t\t\t\t\t\t\t\t<\/div>\n\t\t\t\t<\/div>\n\t\t\t\t<div class=\"elementor-element elementor-element-a1155c0 elementor-widget elementor-widget-heading\" data-id=\"a1155c0\" data-element_type=\"widget\" data-widget_type=\"heading.default\">\n\t\t\t\t<div class=\"elementor-widget-container\">\n\t\t\t\t\t<h2 class=\"elementor-heading-title elementor-size-default\">Bedingungen<\/h2>\t\t\t\t<\/div>\n\t\t\t\t<\/div>\n\t\t\t\t<div class=\"elementor-element elementor-element-970309f texto-ver mas elementor-widget elementor-widget-text-editor\" data-id=\"970309f\" data-element_type=\"widget\" id=\"texto-condiciones\" data-widget_type=\"text-editor.default\">\n\t\t\t\t<div class=\"elementor-widget-container\">\n\t\t\t\t\t\t\t\t\t<ul>\n<li>Zahlung: 50 % bei der Reservierung.<\/li>\n<li>Restbetrag von 50 % 15 Tage vor dem Einreisetag.<\/li>\n<li>Kaution in H\u00f6he von 200 \u20ac, die bei der Abreise in bar zur\u00fcckerstattet wird. Bei Veranstaltungen wenden Sie sich bitte an uns.<\/li>\n<li>Es m\u00fcssen mindestens 7 Zimmer berechnet werden.<\/li>\n<li>August mindestens eine Woche (Wochenende nach R\u00fccksprache).<\/li>\n<li>Mindestalter 25 Jahre.<\/li>\n<li>Der Pool ist von Mai bis September ge\u00f6ffnet (fragen Sie nach).<\/li>\n<li>Tiere auf Anfrage.<\/li>\n<li>Inklusive Bettw\u00e4sche und Handt\u00fccher.<\/li>\n<li>R\u00fcckerstattung von 90 % des \u00fcberwiesenen Betrags bei Stornierungen, die mehr als 30 Tage vor der Ankunft erfolgen.<\/li>\n<li>R\u00fcckerstattung von 50 % des \u00fcberwiesenen Betrags bei Stornierungen mit mehr als 15 Tagen Anreise.<\/li>\n<li>Bei Stornierungen weniger als 15 Tage vor Anreise erfolgt keine R\u00fcckerstattung.<\/li>\n<\/ul>\n<h4><strong>Hausordnung<\/strong><\/h4>\n<ul>\n<li>Anreise ab 16:00 Uhr.<\/li>\n<li>Abreise vor 12:00 Uhr.<\/li>\n<\/ul>\n\t\t\t\t\t\t\t\t<\/div>\n\t\t\t\t<\/div>\n\t\t\t\t<div class=\"elementor-element elementor-element-ad05aaa boton-mas-menos elementor-widget elementor-widget-button\" data-id=\"ad05aaa\" data-element_type=\"widget\" id=\"boton-condiciones\" data-ver=\"texto-condiciones\" data-widget_type=\"button.default\">\n\t\t\t\t<div class=\"elementor-widget-container\">\n\t\t\t\t\t\t\t\t\t<div class=\"elementor-button-wrapper\">\n\t\t\t\t\t<a class=\"elementor-button elementor-size-sm\" role=\"button\">\n\t\t\t\t\t\t<span class=\"elementor-button-content-wrapper\">\n\t\t\t\t\t\t\t\t\t<span class=\"elementor-button-text\">Mehr sehen<\/span>\n\t\t\t\t\t<\/span>\n\t\t\t\t\t<\/a>\n\t\t\t\t<\/div>\n\t\t\t\t\t\t\t\t<\/div>\n\t\t\t\t<\/div>\n\t\t\t\t<\/div>\n\t\t<div class=\"elementor-element elementor-element-1c4244c e-con-full e-flex e-con e-child\" data-id=\"1c4244c\" data-element_type=\"container\">\n\t\t\t\t<div class=\"elementor-element elementor-element-437d796 aspect-ratio-4-2-5 elementor-widget elementor-widget-image\" data-id=\"437d796\" data-element_type=\"widget\" data-widget_type=\"image.default\">\n\t\t\t\t<div class=\"elementor-widget-container\">\n\t\t\t\t\t\t\t\t\t\t\t\t\t\t\t<img decoding=\"async\" width=\"1440\" height=\"960\" src=\"https:\/\/www.cortijoamaya.com\/wp-content\/uploads\/cortijo-amaya-28-1.jpg\" class=\"attachment-full size-full wp-image-543\" alt=\"\" srcset=\"https:\/\/www.cortijoamaya.com\/wp-content\/uploads\/cortijo-amaya-28-1.jpg 1440w, https:\/\/www.cortijoamaya.com\/wp-content\/uploads\/cortijo-amaya-28-1-300x200.jpg 300w, https:\/\/www.cortijoamaya.com\/wp-content\/uploads\/cortijo-amaya-28-1-1024x683.jpg 1024w, https:\/\/www.cortijoamaya.com\/wp-content\/uploads\/cortijo-amaya-28-1-768x512.jpg 768w\" sizes=\"(max-width: 1440px) 100vw, 1440px\" \/>\t\t\t\t\t\t\t\t\t\t\t\t\t\t\t<\/div>\n\t\t\t\t<\/div>\n\t\t\t\t<div class=\"elementor-element elementor-element-aea9c1e elementor-widget elementor-widget-heading\" data-id=\"aea9c1e\" data-element_type=\"widget\" data-widget_type=\"heading.default\">\n\t\t\t\t<div class=\"elementor-widget-container\">\n\t\t\t\t\t<h2 class=\"elementor-heading-title elementor-size-default\">Jahreszeiten<\/h2>\t\t\t\t<\/div>\n\t\t\t\t<\/div>\n\t\t\t\t<div class=\"elementor-element elementor-element-bd4a3ea texto-ver mas elementor-widget elementor-widget-text-editor\" data-id=\"bd4a3ea\" data-element_type=\"widget\" id=\"texto-temporadas\" data-widget_type=\"text-editor.default\">\n\t\t\t\t<div class=\"elementor-widget-container\">\n\t\t\t\t\t\t\t\t\t<ol>\n<li>Nebensaison: 10. Januar bis 31. Mai und vom 16. September bis 20. Dezember.<\/li>\n<li>Mittlere Nebensaison: 1. Juni bis 30. Juni, Ostern und vom 1. September bis 15. September.<\/li>\n<li>Mittlere Hochsaison: 1. Juli bis 31. Juli und Weihnachten vom 21. Dezember bis 9. Januar.<\/li>\n<li>Hochsaison: 1. August bis 31. August.<\/li>\n<\/ol>\n\t\t\t\t\t\t\t\t<\/div>\n\t\t\t\t<\/div>\n\t\t\t\t<div class=\"elementor-element elementor-element-3bcee10 boton-mas-menos elementor-widget elementor-widget-button\" data-id=\"3bcee10\" data-element_type=\"widget\" id=\"boton-temporadas\" data-ver=\"texto-temporadas\" data-widget_type=\"button.default\">\n\t\t\t\t<div class=\"elementor-widget-container\">\n\t\t\t\t\t\t\t\t\t<div class=\"elementor-button-wrapper\">\n\t\t\t\t\t<a class=\"elementor-button elementor-size-sm\" role=\"button\">\n\t\t\t\t\t\t<span class=\"elementor-button-content-wrapper\">\n\t\t\t\t\t\t\t\t\t<span class=\"elementor-button-text\">Mehr sehen<\/span>\n\t\t\t\t\t<\/span>\n\t\t\t\t\t<\/a>\n\t\t\t\t<\/div>\n\t\t\t\t\t\t\t\t<\/div>\n\t\t\t\t<\/div>\n\t\t\t\t<\/div>\n\t\t\t\t\t<\/div>\n\t\t\t\t<\/div>\n\t\t\t\t<\/div>\n\t\t","protected":false},"excerpt":{"rendered":"<p>Entdecken Sie unsere Preise und Konditionen auf unserer Website. Gro\u00dfe Auswahl an charmanten Zimmern, WLAN und Annehmlichkeiten. Buchen Sie jetzt!<\/p>\n","protected":false},"author":2,"featured_media":468,"parent":0,"menu_order":0,"comment_status":"closed","ping_status":"closed","template":"elementor_header_footer","meta":{"footnotes":""},"class_list":["post-808","page","type-page","status-publish","has-post-thumbnail","hentry"],"yoast_head":"<!-- This site is optimized with the Yoast SEO plugin v26.6 - https:\/\/yoast.com\/wordpress\/plugins\/seo\/ -->\n<title>Preise und Konditionen - Cortijo Amaya<\/title>\n<meta name=\"robots\" content=\"index, follow, max-snippet:-1, max-image-preview:large, max-video-preview:-1\" \/>\n<link rel=\"canonical\" href=\"https:\/\/www.cortijoamaya.com\/de\/preise-und-konditionen\/\" \/>\n<meta property=\"og:locale\" content=\"de_DE\" \/>\n<meta property=\"og:type\" content=\"article\" \/>\n<meta property=\"og:title\" content=\"Preise und Konditionen - Cortijo Amaya\" \/>\n<meta property=\"og:description\" content=\"Entdecken Sie unsere Preise und Konditionen auf unserer Website. Gro\u00dfe Auswahl an charmanten Zimmern, WLAN und Annehmlichkeiten. Buchen Sie jetzt!\" \/>\n<meta property=\"og:url\" content=\"https:\/\/www.cortijoamaya.com\/de\/preise-und-konditionen\/\" \/>\n<meta property=\"og:site_name\" content=\"Cortijo Amaya\" \/>\n<meta property=\"article:publisher\" content=\"https:\/\/www.facebook.com\/CortijoAmaya\/\" \/>\n<meta property=\"article:modified_time\" content=\"2024-08-02T13:00:25+00:00\" \/>\n<meta property=\"og:image\" content=\"https:\/\/www.cortijoamaya.com\/wp-content\/uploads\/cortijo-amaya-13.jpg\" \/>\n\t<meta property=\"og:image:width\" content=\"1000\" \/>\n\t<meta property=\"og:image:height\" content=\"667\" \/>\n\t<meta property=\"og:image:type\" content=\"image\/jpeg\" \/>\n<meta name=\"twitter:card\" content=\"summary_large_image\" \/>\n<meta name=\"twitter:site\" content=\"@CortijoAmaya\" \/>\n<meta name=\"twitter:label1\" content=\"Gesch\u00e4tzte Lesezeit\" \/>\n\t<meta name=\"twitter:data1\" content=\"3\u00a0Minuten\" \/>\n<script type=\"application\/ld+json\" class=\"yoast-schema-graph\">{\"@context\":\"https:\/\/schema.org\",\"@graph\":[{\"@type\":\"WebPage\",\"@id\":\"https:\/\/www.cortijoamaya.com\/de\/preise-und-konditionen\/\",\"url\":\"https:\/\/www.cortijoamaya.com\/de\/preise-und-konditionen\/\",\"name\":\"Preise und Konditionen - Cortijo Amaya\",\"isPartOf\":{\"@id\":\"https:\/\/www.cortijoamaya.com\/de\/#website\"},\"primaryImageOfPage\":{\"@id\":\"https:\/\/www.cortijoamaya.com\/de\/preise-und-konditionen\/#primaryimage\"},\"image\":{\"@id\":\"https:\/\/www.cortijoamaya.com\/de\/preise-und-konditionen\/#primaryimage\"},\"thumbnailUrl\":\"https:\/\/www.cortijoamaya.com\/wp-content\/uploads\/cortijo-amaya-13.jpg\",\"datePublished\":\"2023-05-09T21:54:28+00:00\",\"dateModified\":\"2024-08-02T13:00:25+00:00\",\"breadcrumb\":{\"@id\":\"https:\/\/www.cortijoamaya.com\/de\/preise-und-konditionen\/#breadcrumb\"},\"inLanguage\":\"de\",\"potentialAction\":[{\"@type\":\"ReadAction\",\"target\":[\"https:\/\/www.cortijoamaya.com\/de\/preise-und-konditionen\/\"]}]},{\"@type\":\"ImageObject\",\"inLanguage\":\"de\",\"@id\":\"https:\/\/www.cortijoamaya.com\/de\/preise-und-konditionen\/#primaryimage\",\"url\":\"https:\/\/www.cortijoamaya.com\/wp-content\/uploads\/cortijo-amaya-13.jpg\",\"contentUrl\":\"https:\/\/www.cortijoamaya.com\/wp-content\/uploads\/cortijo-amaya-13.jpg\",\"width\":1000,\"height\":667},{\"@type\":\"BreadcrumbList\",\"@id\":\"https:\/\/www.cortijoamaya.com\/de\/preise-und-konditionen\/#breadcrumb\",\"itemListElement\":[{\"@type\":\"ListItem\",\"position\":1,\"name\":\"Portada\",\"item\":\"https:\/\/www.cortijoamaya.com\/de\/\"},{\"@type\":\"ListItem\",\"position\":2,\"name\":\"Preise und Konditionen\"}]},{\"@type\":\"WebSite\",\"@id\":\"https:\/\/www.cortijoamaya.com\/de\/#website\",\"url\":\"https:\/\/www.cortijoamaya.com\/de\/\",\"name\":\"Cortijo Amaya\",\"description\":\"Cortijo Amaya\",\"publisher\":{\"@id\":\"https:\/\/www.cortijoamaya.com\/de\/#organization\"},\"potentialAction\":[{\"@type\":\"SearchAction\",\"target\":{\"@type\":\"EntryPoint\",\"urlTemplate\":\"https:\/\/www.cortijoamaya.com\/de\/?s={search_term_string}\"},\"query-input\":{\"@type\":\"PropertyValueSpecification\",\"valueRequired\":true,\"valueName\":\"search_term_string\"}}],\"inLanguage\":\"de\"},{\"@type\":\"Organization\",\"@id\":\"https:\/\/www.cortijoamaya.com\/de\/#organization\",\"name\":\"Cortijo Amaya\",\"url\":\"https:\/\/www.cortijoamaya.com\/de\/\",\"logo\":{\"@type\":\"ImageObject\",\"inLanguage\":\"de\",\"@id\":\"https:\/\/www.cortijoamaya.com\/de\/#\/schema\/logo\/image\/\",\"url\":\"https:\/\/www.cortijoamaya.com\/wp-content\/uploads\/cropped-cropped-cropped-Logo-1-CORTIJO-AMAYA.png\",\"contentUrl\":\"https:\/\/www.cortijoamaya.com\/wp-content\/uploads\/cropped-cropped-cropped-Logo-1-CORTIJO-AMAYA.png\",\"width\":328,\"height\":300,\"caption\":\"Cortijo Amaya\"},\"image\":{\"@id\":\"https:\/\/www.cortijoamaya.com\/de\/#\/schema\/logo\/image\/\"},\"sameAs\":[\"https:\/\/www.facebook.com\/CortijoAmaya\/\",\"https:\/\/x.com\/CortijoAmaya\"]}]}<\/script>\n<!-- \/ Yoast SEO plugin. -->","yoast_head_json":{"title":"Preise und Konditionen - Cortijo Amaya","robots":{"index":"index","follow":"follow","max-snippet":"max-snippet:-1","max-image-preview":"max-image-preview:large","max-video-preview":"max-video-preview:-1"},"canonical":"https:\/\/www.cortijoamaya.com\/de\/preise-und-konditionen\/","og_locale":"de_DE","og_type":"article","og_title":"Preise und Konditionen - Cortijo Amaya","og_description":"Entdecken Sie unsere Preise und Konditionen auf unserer Website. Gro\u00dfe Auswahl an charmanten Zimmern, WLAN und Annehmlichkeiten. Buchen Sie jetzt!","og_url":"https:\/\/www.cortijoamaya.com\/de\/preise-und-konditionen\/","og_site_name":"Cortijo Amaya","article_publisher":"https:\/\/www.facebook.com\/CortijoAmaya\/","article_modified_time":"2024-08-02T13:00:25+00:00","og_image":[{"width":1000,"height":667,"url":"https:\/\/www.cortijoamaya.com\/wp-content\/uploads\/cortijo-amaya-13.jpg","type":"image\/jpeg"}],"twitter_card":"summary_large_image","twitter_site":"@CortijoAmaya","twitter_misc":{"Gesch\u00e4tzte Lesezeit":"3\u00a0Minuten"},"schema":{"@context":"https:\/\/schema.org","@graph":[{"@type":"WebPage","@id":"https:\/\/www.cortijoamaya.com\/de\/preise-und-konditionen\/","url":"https:\/\/www.cortijoamaya.com\/de\/preise-und-konditionen\/","name":"Preise und Konditionen - Cortijo Amaya","isPartOf":{"@id":"https:\/\/www.cortijoamaya.com\/de\/#website"},"primaryImageOfPage":{"@id":"https:\/\/www.cortijoamaya.com\/de\/preise-und-konditionen\/#primaryimage"},"image":{"@id":"https:\/\/www.cortijoamaya.com\/de\/preise-und-konditionen\/#primaryimage"},"thumbnailUrl":"https:\/\/www.cortijoamaya.com\/wp-content\/uploads\/cortijo-amaya-13.jpg","datePublished":"2023-05-09T21:54:28+00:00","dateModified":"2024-08-02T13:00:25+00:00","breadcrumb":{"@id":"https:\/\/www.cortijoamaya.com\/de\/preise-und-konditionen\/#breadcrumb"},"inLanguage":"de","potentialAction":[{"@type":"ReadAction","target":["https:\/\/www.cortijoamaya.com\/de\/preise-und-konditionen\/"]}]},{"@type":"ImageObject","inLanguage":"de","@id":"https:\/\/www.cortijoamaya.com\/de\/preise-und-konditionen\/#primaryimage","url":"https:\/\/www.cortijoamaya.com\/wp-content\/uploads\/cortijo-amaya-13.jpg","contentUrl":"https:\/\/www.cortijoamaya.com\/wp-content\/uploads\/cortijo-amaya-13.jpg","width":1000,"height":667},{"@type":"BreadcrumbList","@id":"https:\/\/www.cortijoamaya.com\/de\/preise-und-konditionen\/#breadcrumb","itemListElement":[{"@type":"ListItem","position":1,"name":"Portada","item":"https:\/\/www.cortijoamaya.com\/de\/"},{"@type":"ListItem","position":2,"name":"Preise und Konditionen"}]},{"@type":"WebSite","@id":"https:\/\/www.cortijoamaya.com\/de\/#website","url":"https:\/\/www.cortijoamaya.com\/de\/","name":"Cortijo Amaya","description":"Cortijo Amaya","publisher":{"@id":"https:\/\/www.cortijoamaya.com\/de\/#organization"},"potentialAction":[{"@type":"SearchAction","target":{"@type":"EntryPoint","urlTemplate":"https:\/\/www.cortijoamaya.com\/de\/?s={search_term_string}"},"query-input":{"@type":"PropertyValueSpecification","valueRequired":true,"valueName":"search_term_string"}}],"inLanguage":"de"},{"@type":"Organization","@id":"https:\/\/www.cortijoamaya.com\/de\/#organization","name":"Cortijo Amaya","url":"https:\/\/www.cortijoamaya.com\/de\/","logo":{"@type":"ImageObject","inLanguage":"de","@id":"https:\/\/www.cortijoamaya.com\/de\/#\/schema\/logo\/image\/","url":"https:\/\/www.cortijoamaya.com\/wp-content\/uploads\/cropped-cropped-cropped-Logo-1-CORTIJO-AMAYA.png","contentUrl":"https:\/\/www.cortijoamaya.com\/wp-content\/uploads\/cropped-cropped-cropped-Logo-1-CORTIJO-AMAYA.png","width":328,"height":300,"caption":"Cortijo Amaya"},"image":{"@id":"https:\/\/www.cortijoamaya.com\/de\/#\/schema\/logo\/image\/"},"sameAs":["https:\/\/www.facebook.com\/CortijoAmaya\/","https:\/\/x.com\/CortijoAmaya"]}]}},"_links":{"self":[{"href":"https:\/\/www.cortijoamaya.com\/de\/wp-json\/wp\/v2\/pages\/808","targetHints":{"allow":["GET"]}}],"collection":[{"href":"https:\/\/www.cortijoamaya.com\/de\/wp-json\/wp\/v2\/pages"}],"about":[{"href":"https:\/\/www.cortijoamaya.com\/de\/wp-json\/wp\/v2\/types\/page"}],"author":[{"embeddable":true,"href":"https:\/\/www.cortijoamaya.com\/de\/wp-json\/wp\/v2\/users\/2"}],"replies":[{"embeddable":true,"href":"https:\/\/www.cortijoamaya.com\/de\/wp-json\/wp\/v2\/comments?post=808"}],"version-history":[{"count":3,"href":"https:\/\/www.cortijoamaya.com\/de\/wp-json\/wp\/v2\/pages\/808\/revisions"}],"predecessor-version":[{"id":1505,"href":"https:\/\/www.cortijoamaya.com\/de\/wp-json\/wp\/v2\/pages\/808\/revisions\/1505"}],"wp:featuredmedia":[{"embeddable":true,"href":"https:\/\/www.cortijoamaya.com\/de\/wp-json\/wp\/v2\/media\/468"}],"wp:attachment":[{"href":"https:\/\/www.cortijoamaya.com\/de\/wp-json\/wp\/v2\/media?parent=808"}],"curies":[{"name":"wp","href":"https:\/\/api.w.org\/{rel}","templated":true}]}}